{"id":1341,"date":"2023-01-30T15:09:20","date_gmt":"2023-01-30T15:09:20","guid":{"rendered":"https:\/\/alservizi.com\/?page_id=1341"},"modified":"2023-01-30T15:11:52","modified_gmt":"2023-01-30T15:11:52","slug":"italia-it","status":"publish","type":"page","link":"https:\/\/alservizi.com\/?page_id=1341","title":{"rendered":"Italia IT"},"content":{"rendered":"\t\t<div data-elementor-type=\"wp-page\" data-elementor-id=\"1341\" class=\"elementor elementor-1341\">\n\t\t\t\t\t\t<section class=\"elementor-section elementor-top-section elementor-element elementor-element-4b80fbe elementor-section-stretched elementor-section-boxed elementor-section-height-default elementor-section-height-default\" data-id=\"4b80fbe\" data-element_type=\"section\" data-settings=\"{&quot;stretch_section&quot;:&quot;section-stretched&quot;}\">\n\t\t\t\t\t\t<div class=\"elementor-container elementor-column-gap-default\">\n\t\t\t\t\t<div class=\"elementor-column elementor-col-50 elementor-top-column elementor-element elementor-element-6f63a96\" data-id=\"6f63a96\" data-element_type=\"column\">\n\t\t\t<div class=\"elementor-widget-wrap elementor-element-populated\">\n\t\t\t\t\t\t<div class=\"elementor-element elementor-element-7264596 elementor-widget elementor-widget-image\" data-id=\"7264596\" data-element_type=\"widget\" data-widget_type=\"image.default\">\n\t\t\t\t<div class=\"elementor-widget-container\">\n\t\t\t\t\t\t\t\t\t\t\t\t\t<img fetchpriority=\"high\" decoding=\"async\" width=\"300\" height=\"200\" src=\"https:\/\/alservizi.com\/wp-content\/uploads\/2023\/01\/Flag_of_Italy.svg-300x200.png\" class=\"attachment-medium size-medium wp-image-1013\" alt=\"\" srcset=\"https:\/\/alservizi.com\/wp-content\/uploads\/2023\/01\/Flag_of_Italy.svg-300x200.png 300w, https:\/\/alservizi.com\/wp-content\/uploads\/2023\/01\/Flag_of_Italy.svg-768x512.png 768w, https:\/\/alservizi.com\/wp-content\/uploads\/2023\/01\/Flag_of_Italy.svg-200x133.png 200w, https:\/\/alservizi.com\/wp-content\/uploads\/2023\/01\/Flag_of_Italy.svg.png 1024w\" sizes=\"(max-width: 300px) 100vw, 300px\" \/>\t\t\t\t\t\t\t\t\t\t\t\t\t<\/div>\n\t\t\t\t<\/div>\n\t\t\t\t\t<\/div>\n\t\t<\/div>\n\t\t\t\t<div class=\"elementor-column elementor-col-50 elementor-top-column elementor-element elementor-element-daafae0\" data-id=\"daafae0\" data-element_type=\"column\">\n\t\t\t<div class=\"elementor-widget-wrap elementor-element-populated\">\n\t\t\t\t\t\t<div class=\"elementor-element elementor-element-a26e355 elementor-widget elementor-widget-image\" data-id=\"a26e355\" data-element_type=\"widget\" data-widget_type=\"image.default\">\n\t\t\t\t<div class=\"elementor-widget-container\">\n\t\t\t\t\t\t\t\t\t\t\t\t\t<img decoding=\"async\" width=\"264\" height=\"300\" src=\"https:\/\/alservizi.com\/wp-content\/uploads\/2023\/01\/Emblem_of_Italy.svg-264x300.png\" class=\"attachment-medium size-medium wp-image-1014\" alt=\"\" srcset=\"https:\/\/alservizi.com\/wp-content\/uploads\/2023\/01\/Emblem_of_Italy.svg-264x300.png 264w, https:\/\/alservizi.com\/wp-content\/uploads\/2023\/01\/Emblem_of_Italy.svg-768x874.png 768w, https:\/\/alservizi.com\/wp-content\/uploads\/2023\/01\/Emblem_of_Italy.svg-200x228.png 200w, https:\/\/alservizi.com\/wp-content\/uploads\/2023\/01\/Emblem_of_Italy.svg.png 800w\" sizes=\"(max-width: 264px) 100vw, 264px\" \/>\t\t\t\t\t\t\t\t\t\t\t\t\t<\/div>\n\t\t\t\t<\/div>\n\t\t\t\t\t<\/div>\n\t\t<\/div>\n\t\t\t\t\t<\/div>\n\t\t<\/section>\n\t\t\t\t<section class=\"elementor-section elementor-top-section elementor-element elementor-element-6b70005 elementor-section-stretched elementor-section-boxed elementor-section-height-default elementor-section-height-default\" data-id=\"6b70005\" data-element_type=\"section\" data-settings=\"{&quot;stretch_section&quot;:&quot;section-stretched&quot;}\">\n\t\t\t\t\t\t<div class=\"elementor-container elementor-column-gap-default\">\n\t\t\t\t\t<div class=\"elementor-column elementor-col-100 elementor-top-column elementor-element elementor-element-d8b74f5\" data-id=\"d8b74f5\" data-element_type=\"column\">\n\t\t\t<div class=\"elementor-widget-wrap elementor-element-populated\">\n\t\t\t\t\t\t<div class=\"elementor-element elementor-element-587b0dc elementor-widget__width-inherit elementor-widget elementor-widget-video\" data-id=\"587b0dc\" data-element_type=\"widget\" data-settings=\"{&quot;video_type&quot;:&quot;hosted&quot;,&quot;controls&quot;:&quot;yes&quot;}\" data-widget_type=\"video.default\">\n\t\t\t\t<div class=\"elementor-widget-container\">\n\t\t\t\t\t<div class=\"e-hosted-video elementor-wrapper elementor-open-inline\">\n\t\t\t\t\t<video class=\"elementor-video\" src=\"https:\/\/alservizi.com\/wp-content\/uploads\/2023\/01\/Italia1.mp4\" controls=\"\" preload=\"metadata\" controlsList=\"nodownload\"><\/video>\n\t\t\t\t<\/div>\n\t\t\t\t<\/div>\n\t\t\t\t<\/div>\n\t\t\t\t\t<\/div>\n\t\t<\/div>\n\t\t\t\t\t<\/div>\n\t\t<\/section>\n\t\t\t\t<section class=\"elementor-section elementor-top-section elementor-element elementor-element-43f1afa elementor-section-stretched elementor-section-boxed elementor-section-height-default elementor-section-height-default\" data-id=\"43f1afa\" data-element_type=\"section\" data-settings=\"{&quot;stretch_section&quot;:&quot;section-stretched&quot;}\">\n\t\t\t\t\t\t<div class=\"elementor-container elementor-column-gap-default\">\n\t\t\t\t\t<div class=\"elementor-column elementor-col-66 elementor-top-column elementor-element elementor-element-cd93fc3\" data-id=\"cd93fc3\" data-element_type=\"column\">\n\t\t\t<div class=\"elementor-widget-wrap elementor-element-populated\">\n\t\t\t\t\t\t<div class=\"elementor-element elementor-element-9dff296 elementor-widget elementor-widget-text-editor\" data-id=\"9dff296\" data-element_type=\"widget\" data-widget_type=\"text-editor.default\">\n\t\t\t\t<div class=\"elementor-widget-container\">\n\t\t\t\t\t\t\t<p><span class=\"HwtZe\" lang=\"it\"><span class=\"jCAhz ChMk0b\"><span class=\"ryNqvb\">L&#8217;Italia \u00e8 un paese dell&#8217;Europa meridionale che fa parte dell&#8217;Unione Europea (UE).<\/span><\/span> <span class=\"jCAhz ChMk0b\"><span class=\"ryNqvb\">Il suo territorio \u00e8 costituito dalla penisola italiana di due grandi isole del Mar Mediterraneo: Sicilia e Sardegna.<\/span><\/span> <span class=\"jCAhz ChMk0b\"><span class=\"ryNqvb\">Circondato a nord dalle Alpi, confina con Francia, Svizzera, Austria e Slovenia.<\/span><\/span> <span class=\"jCAhz ChMk0b\"><span class=\"ryNqvb\">Ha due stati indipendenti: San Marino e Citt\u00e0 del Vaticano, situati all&#8217;interno del territorio italiano.<\/span><\/span> <span class=\"jCAhz ChMk0b\"><span class=\"ryNqvb\">Fa parte del gruppo delle otto nazioni pi\u00f9 industrializzate del mondo ed \u00e8 ricca di tesori che ricostruiscono la storia delle fondamenta della civilt\u00e0 occidentale.<\/span><\/span> <span class=\"jCAhz ChMk0b\"><span class=\"ryNqvb\">L&#8217;Italia ha aderito alla NATO e all&#8217;Unione Europea, aderendo alla crescente unificazione economica e politica dell&#8217;Europa occidentale, inclusa l&#8217;adozione dell&#8217;euro nel 1999.<\/span><\/span> <span class=\"jCAhz ChMk0b\"><span class=\"ryNqvb\">Viaggiare in Italia non \u00e8 impossibile, i cittadini dell&#8217;UE possono entrare in Italia senza visto, mentre i cittadini di paesi terzi che hanno diritto all&#8217;ETIAS possono ottenere la loro autorizzazione online in pochi minuti.<\/span><\/span> <span class=\"jCAhz ChMk0b\"><span class=\"ryNqvb\">Il visto italiano si ottiene a seconda del paese di provenienza.<\/span><\/span> <span class=\"jCAhz ChMk0b\"><span class=\"ryNqvb\">Grazie alla sua posizione geografica centrale nell&#8217;Europa meridionale e nel Mediterraneo, l&#8217;Italia ha storicamente ospitato innumerevoli popoli e culture.<\/span><\/span> <span class=\"jCAhz ChMk0b\"><span class=\"ryNqvb\">Oltre ai vari antichi popoli sparsi nell&#8217;attuale Italia moderna, i pi\u00f9 preponderanti sono i popoli italici indoeuropei che hanno dato il nome alla penisola, a partire dall&#8217;et\u00e0 classica, Fenici e Cartaginesi fondarono colonie soprattutto nell&#8217;Italia insulare, I Greci stabilirono insediamenti nella cosiddetta Magna Grecia dell&#8217;Italia meridionale, mentre gli Etruschi ei Celti abitarono rispettivamente l&#8217;Italia centrale e settentrionale.<\/span><\/span> <span class=\"jCAhz ChMk0b\"><span class=\"ryNqvb\">Una trib\u00f9 italica conosciuta come i Latini form\u00f2 il Regno Romano nell&#8217;VIII secolo a.C.<\/span><\/span> <span class=\"jCAhz ChMk0b\"><span class=\"ryNqvb\">C., che alla fine divenne una repubblica con un governo del Senato e del Popolo.<\/span><\/span> <span class=\"jCAhz ChMk0b\"><span class=\"ryNqvb\">La Repubblica Romana inizialmente conquist\u00f2 e assimil\u00f2 i suoi vicini nella penisola italiana, espandendosi infine e conquistando parti dell&#8217;Europa, del Nord Africa e dell&#8217;Asia.<\/span><\/span> <span class=\"jCAhz ChMk0b\"><span class=\"ryNqvb\">Nel I secolo a.C.<\/span><\/span> <span class=\"jCAhz ChMk0b\"><span class=\"ryNqvb\">C., l&#8217;Impero Romano emerse come potenza dominante nel bacino del Mediterraneo e divenne un importante centro culturale, politico e religioso, inaugurando la Pax Romana, un periodo di oltre 200 anni durante il quale il diritto, la tecnologia e l&#8217;economia, l&#8217;arte e la letteratura dell&#8217;Italia sviluppato.<\/span><\/span> <span class=\"jCAhz ChMk0b\"><span class=\"ryNqvb\">L&#8217;Italia \u00e8 rimasta la patria dei romani e la metropoli dell&#8217;impero, la cui eredit\u00e0 pu\u00f2 essere vista anche nella distribuzione globale della cultura, dei governi, del cristianesimo e della scrittura latina<\/span><\/span><\/span>.<\/p>\t\t\t\t\t\t<\/div>\n\t\t\t\t<\/div>\n\t\t\t\t\t<\/div>\n\t\t<\/div>\n\t\t\t\t<div class=\"elementor-column elementor-col-33 elementor-top-column elementor-element elementor-element-cedf349\" data-id=\"cedf349\" data-element_type=\"column\">\n\t\t\t<div class=\"elementor-widget-wrap elementor-element-populated\">\n\t\t\t\t\t\t<div class=\"elementor-element elementor-element-1d9b616 elementor-widget elementor-widget-video\" data-id=\"1d9b616\" data-element_type=\"widget\" data-settings=\"{&quot;video_type&quot;:&quot;hosted&quot;,&quot;controls&quot;:&quot;yes&quot;}\" data-widget_type=\"video.default\">\n\t\t\t\t<div class=\"elementor-widget-container\">\n\t\t\t\t\t<div class=\"e-hosted-video elementor-wrapper elementor-open-inline\">\n\t\t\t\t\t<video class=\"elementor-video\" src=\"https:\/\/alservizi.com\/wp-content\/uploads\/2023\/01\/italia-web.webm\" controls=\"\" preload=\"metadata\" controlsList=\"nodownload\"><\/video>\n\t\t\t\t<\/div>\n\t\t\t\t<\/div>\n\t\t\t\t<\/div>\n\t\t\t\t<div class=\"elementor-element elementor-element-e11eb1d elementor-widget elementor-widget-image\" data-id=\"e11eb1d\" data-element_type=\"widget\" data-widget_type=\"image.default\">\n\t\t\t\t<div class=\"elementor-widget-container\">\n\t\t\t\t\t\t\t\t\t\t\t\t\t<img decoding=\"async\" width=\"700\" height=\"935\" src=\"https:\/\/alservizi.com\/wp-content\/uploads\/2023\/01\/cartinaitaliapolitica.jpg\" class=\"attachment-large size-large wp-image-1015\" alt=\"\" srcset=\"https:\/\/alservizi.com\/wp-content\/uploads\/2023\/01\/cartinaitaliapolitica.jpg 700w, https:\/\/alservizi.com\/wp-content\/uploads\/2023\/01\/cartinaitaliapolitica-225x300.jpg 225w, https:\/\/alservizi.com\/wp-content\/uploads\/2023\/01\/cartinaitaliapolitica-200x267.jpg 200w\" sizes=\"(max-width: 700px) 100vw, 700px\" \/>\t\t\t\t\t\t\t\t\t\t\t\t\t<\/div>\n\t\t\t\t<\/div>\n\t\t\t\t\t<\/div>\n\t\t<\/div>\n\t\t\t\t\t<\/div>\n\t\t<\/section>\n\t\t\t\t<\/div>\n\t\t","protected":false},"excerpt":{"rendered":"<p>https:\/\/alservizi.com\/wp-content\/uploads\/2023\/01\/Italia1.mp4 L&#8217;Italia \u00e8 un paese dell&#8217;Europa meridionale che fa parte dell&#8217;Unione Europea (UE). Il suo territorio \u00e8 costituito dalla penisola italiana di due grandi isole del Mar Mediterraneo: Sicilia e Sardegna. Circondato a nord dalle Alpi, confina con Francia, Svizzera, Austria e Slovenia. Ha due stati indipendenti: San Marino e Citt\u00e0 del Vaticano, situati all&#8217;interno [&hellip;]<\/p>\n","protected":false},"author":1,"featured_media":0,"parent":0,"menu_order":0,"comment_status":"closed","ping_status":"closed","template":"","meta":{"_joinchat":[],"footnotes":""},"class_list":["post-1341","page","type-page","status-publish","hentry"],"_links":{"self":[{"href":"https:\/\/alservizi.com\/index.php?rest_route=\/wp\/v2\/pages\/1341","targetHints":{"allow":["GET"]}}],"collection":[{"href":"https:\/\/alservizi.com\/index.php?rest_route=\/wp\/v2\/pages"}],"about":[{"href":"https:\/\/alservizi.com\/index.php?rest_route=\/wp\/v2\/types\/page"}],"author":[{"embeddable":true,"href":"https:\/\/alservizi.com\/index.php?rest_route=\/wp\/v2\/users\/1"}],"replies":[{"embeddable":true,"href":"https:\/\/alservizi.com\/index.php?rest_route=%2Fwp%2Fv2%2Fcomments&post=1341"}],"version-history":[{"count":7,"href":"https:\/\/alservizi.com\/index.php?rest_route=\/wp\/v2\/pages\/1341\/revisions"}],"predecessor-version":[{"id":1348,"href":"https:\/\/alservizi.com\/index.php?rest_route=\/wp\/v2\/pages\/1341\/revisions\/1348"}],"wp:attachment":[{"href":"https:\/\/alservizi.com\/index.php?rest_route=%2Fwp%2Fv2%2Fmedia&parent=1341"}],"curies":[{"name":"wp","href":"https:\/\/api.w.org\/{rel}","templated":true}]}}